{"id":12231,"date":"2022-07-26T16:10:39","date_gmt":"2022-07-26T16:10:39","guid":{"rendered":"https:\/\/szkolaswjp2.pl\/contests\/"},"modified":"2026-02-19T16:10:49","modified_gmt":"2026-02-19T16:10:49","slug":"contests","status":"publish","type":"page","link":"https:\/\/szkolaswjp2.pl\/en\/contests\/","title":{"rendered":"Contests"},"content":{"rendered":"\t\t<div data-elementor-type=\"wp-page\" data-elementor-id=\"12231\" class=\"elementor elementor-12231 elementor-6324\" data-elementor-post-type=\"page\">\n\t\t\t\t\t\t<section class=\"elementor-section elementor-top-section elementor-element elementor-element-be4d11e elementor-section-full_width elementor-section-stretched elementor-section-height-default elementor-section-height-default\" data-id=\"be4d11e\" data-element_type=\"section\" data-e-type=\"section\" data-settings=\"{&quot;stretch_section&quot;:&quot;section-stretched&quot;}\">\n\t\t\t\t\t\t<div class=\"elementor-container elementor-column-gap-default\">\n\t\t\t\t\t<div class=\"elementor-column elementor-col-100 elementor-top-column elementor-element elementor-element-4a796d3\" data-id=\"4a796d3\" data-element_type=\"column\" data-e-type=\"column\">\n\t\t\t<div class=\"elementor-widget-wrap elementor-element-populated\">\n\t\t\t\t\t\t<div class=\"elementor-element elementor-element-f45e06a elementor-widget elementor-widget-heading\" data-id=\"f45e06a\" data-element_type=\"widget\" data-e-type=\"widget\" data-widget_type=\"heading.default\">\n\t\t\t\t<div class=\"elementor-widget-container\">\n\t\t\t\t\t<h1 class=\"elementor-heading-title elementor-size-default\">Contests<\/h1>\t\t\t\t<\/div>\n\t\t\t\t<\/div>\n\t\t\t\t\t<\/div>\n\t\t<\/div>\n\t\t\t\t\t<\/div>\n\t\t<\/section>\n\t\t\t\t<section class=\"elementor-section elementor-top-section elementor-element elementor-element-a206948 elementor-section-boxed elementor-section-height-default elementor-section-height-default\" data-id=\"a206948\" data-element_type=\"section\" data-e-type=\"section\">\n\t\t\t\t\t\t<div class=\"elementor-container elementor-column-gap-default\">\n\t\t\t\t\t<div class=\"elementor-column elementor-col-100 elementor-top-column elementor-element elementor-element-a9e44bc\" data-id=\"a9e44bc\" data-element_type=\"column\" data-e-type=\"column\">\n\t\t\t<div class=\"elementor-widget-wrap\">\n\t\t\t\t\t\t\t<\/div>\n\t\t<\/div>\n\t\t\t\t\t<\/div>\n\t\t<\/section>\n\t\t\t\t<section class=\"elementor-section elementor-top-section elementor-element elementor-element-3e28570 elementor-section-boxed elementor-section-height-default elementor-section-height-default\" data-id=\"3e28570\" data-element_type=\"section\" data-e-type=\"section\">\n\t\t\t\t\t\t<div class=\"elementor-container elementor-column-gap-default\">\n\t\t\t\t\t<div class=\"elementor-column elementor-col-100 elementor-top-column elementor-element elementor-element-acea10b\" data-id=\"acea10b\" data-element_type=\"column\" data-e-type=\"column\">\n\t\t\t<div class=\"elementor-widget-wrap elementor-element-populated\">\n\t\t\t\t\t\t<div class=\"elementor-element elementor-element-31db230 elementor-widget elementor-widget-eael-event-calendar\" data-id=\"31db230\" data-element_type=\"widget\" data-e-type=\"widget\" data-widget_type=\"eael-event-calendar.default\">\n\t\t\t\t<div class=\"elementor-widget-container\">\n\t\t\t\t\t<div class=\"eael-event-calendar-wrapper layout-table\">\t\t<table class=\"eael-event-calendar-table ea-ec-table-paginated ea-ec-table-sortable\" data-items-per-page=\"100\">\n\t\t\t<thead>\n\t\t\t<tr style=\"display: table-row;\">\n\t\t\t\t<th>Title<\/th><th>Date<\/th>\t\t\t<\/tr>\n\t\t\t<\/thead>\n\t\t\t<tbody>\n\t\t\t\t\t\t<\/tbody>\n\t\t<\/table>\n\n\t\t<div class=\"eael-event-calendar-pagination ea-ec-pagination-button\"><\/div><\/div>\t\t\t\t<\/div>\n\t\t\t\t<\/div>\n\t\t\t\t\t<\/div>\n\t\t<\/div>\n\t\t\t\t\t<\/div>\n\t\t<\/section>\n\t\t\t\t<\/div>\n\t\t","protected":false},"excerpt":{"rendered":"<p>Contests Title Date OTW\u00d3RZ SERCE NA&#8230;\u00a0 ANIO\u0141Y W NASZEJ SZKOLE 1758873600 2025.09.26 RY\u015a, czyli Rodzinne Yesienne \u015apiewanki 1759516200 2025.10.03 S\u0142oneczniki Van Gogha w naszej szkole 1760083200<span class=\"excerpt-hellip\"> [\u2026]<\/span><\/p>\n","protected":false},"author":1,"featured_media":0,"parent":0,"menu_order":0,"comment_status":"closed","ping_status":"closed","template":"","meta":{"footnotes":""},"class_list":["post-12231","page","type-page","status-publish","hentry"],"_links":{"self":[{"href":"https:\/\/szkolaswjp2.pl\/en\/wp-json\/wp\/v2\/pages\/12231","targetHints":{"allow":["GET"]}}],"collection":[{"href":"https:\/\/szkolaswjp2.pl\/en\/wp-json\/wp\/v2\/pages"}],"about":[{"href":"https:\/\/szkolaswjp2.pl\/en\/wp-json\/wp\/v2\/types\/page"}],"author":[{"embeddable":true,"href":"https:\/\/szkolaswjp2.pl\/en\/wp-json\/wp\/v2\/users\/1"}],"replies":[{"embeddable":true,"href":"https:\/\/szkolaswjp2.pl\/en\/wp-json\/wp\/v2\/comments?post=12231"}],"version-history":[{"count":1,"href":"https:\/\/szkolaswjp2.pl\/en\/wp-json\/wp\/v2\/pages\/12231\/revisions"}],"predecessor-version":[{"id":12232,"href":"https:\/\/szkolaswjp2.pl\/en\/wp-json\/wp\/v2\/pages\/12231\/revisions\/12232"}],"wp:attachment":[{"href":"https:\/\/szkolaswjp2.pl\/en\/wp-json\/wp\/v2\/media?parent=12231"}],"curies":[{"name":"wp","href":"https:\/\/api.w.org\/{rel}","templated":true}]}}