{"id":12210,"date":"2022-07-06T07:26:14","date_gmt":"2022-07-06T07:26:14","guid":{"rendered":"https:\/\/szkolaswjp2.pl\/about-the-family-covenant-association\/"},"modified":"2026-02-19T15:47:36","modified_gmt":"2026-02-19T15:47:36","slug":"about-the-family-covenant-association","status":"publish","type":"page","link":"https:\/\/szkolaswjp2.pl\/en\/about-the-family-covenant-association\/","title":{"rendered":"About the Family Covenant Association"},"content":{"rendered":"\t\t<div data-elementor-type=\"wp-page\" data-elementor-id=\"12210\" class=\"elementor elementor-12210 elementor-4978\" data-elementor-post-type=\"page\">\n\t\t\t\t\t\t<section class=\"elementor-section elementor-top-section elementor-element elementor-element-aba98b3 elementor-section-full_width elementor-section-height-default elementor-section-height-default\" data-id=\"aba98b3\" data-element_type=\"section\" data-e-type=\"section\" data-settings=\"{&quot;background_background&quot;:&quot;slideshow&quot;,&quot;background_slideshow_slide_transition&quot;:&quot;slide_right&quot;,&quot;background_slideshow_lazyload&quot;:&quot;yes&quot;,&quot;background_slideshow_ken_burns&quot;:&quot;yes&quot;,&quot;background_slideshow_gallery&quot;:[],&quot;background_slideshow_loop&quot;:&quot;yes&quot;,&quot;background_slideshow_slide_duration&quot;:5000,&quot;background_slideshow_transition_duration&quot;:500,&quot;background_slideshow_ken_burns_zoom_direction&quot;:&quot;in&quot;}\">\n\t\t\t\t\t\t<div class=\"elementor-container elementor-column-gap-no\">\n\t\t\t\t\t<div class=\"elementor-column elementor-col-100 elementor-top-column elementor-element elementor-element-9a1f5da\" data-id=\"9a1f5da\" data-element_type=\"column\" data-e-type=\"column\">\n\t\t\t<div class=\"elementor-widget-wrap elementor-element-populated\">\n\t\t\t\t\t\t<div class=\"elementor-element elementor-element-dcd1207 elementor--h-position-center elementor--v-position-middle elementor-arrows-position-inside elementor-pagination-position-inside elementor-widget elementor-widget-slides\" data-id=\"dcd1207\" data-element_type=\"widget\" data-e-type=\"widget\" data-settings=\"{&quot;autoplay_speed&quot;:7000,&quot;navigation&quot;:&quot;both&quot;,&quot;autoplay&quot;:&quot;yes&quot;,&quot;pause_on_hover&quot;:&quot;yes&quot;,&quot;pause_on_interaction&quot;:&quot;yes&quot;,&quot;infinite&quot;:&quot;yes&quot;,&quot;transition&quot;:&quot;slide&quot;,&quot;transition_speed&quot;:500}\" data-widget_type=\"slides.default\">\n\t\t\t\t<div class=\"elementor-widget-container\">\n\t\t\t\t\t\t\t\t\t<div class=\"elementor-swiper\">\n\t\t\t\t\t<div class=\"elementor-slides-wrapper elementor-main-swiper swiper\" role=\"region\" aria-roledescription=\"carousel\" aria-label=\"Slides\" dir=\"ltr\" data-animation=\"fadeInUp\">\n\t\t\t\t<div class=\"swiper-wrapper elementor-slides\">\n\t\t\t\t\t\t\t\t\t\t<div class=\"elementor-repeater-item-ade2cb9 swiper-slide\" role=\"group\" aria-roledescription=\"slide\"><div class=\"swiper-slide-bg\" role=\"img\" aria-label=\"20220624_100553\"><\/div><div class=\"swiper-slide-inner\" ><div class=\"swiper-slide-contents\"><\/div><\/div><\/div><div class=\"elementor-repeater-item-21fba0a swiper-slide\" role=\"group\" aria-roledescription=\"slide\"><div class=\"swiper-slide-bg\" role=\"img\" aria-label=\"20220531_100142\"><\/div><div class=\"swiper-slide-inner\" ><div class=\"swiper-slide-contents\"><\/div><\/div><\/div><div class=\"elementor-repeater-item-913c093 swiper-slide\" role=\"group\" aria-roledescription=\"slide\"><div class=\"swiper-slide-bg\" role=\"img\" aria-label=\"Resized_20220411_124431\"><\/div><div class=\"swiper-slide-inner\" ><div class=\"swiper-slide-contents\"><\/div><\/div><\/div>\t\t\t\t<\/div>\n\t\t\t\t\t\t\t\t\t\t\t\t\t\t\t<div class=\"elementor-swiper-button elementor-swiper-button-prev\" role=\"button\" tabindex=\"0\" aria-label=\"Previous slide\">\n\t\t\t\t\t\t\t<i aria-hidden=\"true\" class=\"eicon-chevron-left\"><\/i>\t\t\t\t\t\t<\/div>\n\t\t\t\t\t\t<div class=\"elementor-swiper-button elementor-swiper-button-next\" role=\"button\" tabindex=\"0\" aria-label=\"Next slide\">\n\t\t\t\t\t\t\t<i aria-hidden=\"true\" class=\"eicon-chevron-right\"><\/i>\t\t\t\t\t\t<\/div>\n\t\t\t\t\t\t\t\t\t\t\t\t\t\t\t\t<div class=\"swiper-pagination\"><\/div>\n\t\t\t\t\t\t\t\t\t\t\t\t<\/div>\n\t\t\t\t<\/div>\n\t\t\t\t\t\t\t\t<\/div>\n\t\t\t\t<\/div>\n\t\t\t\t\t<\/div>\n\t\t<\/div>\n\t\t\t\t\t<\/div>\n\t\t<\/section>\n\t\t\t\t<section class=\"elementor-section elementor-top-section elementor-element elementor-element-f1a770b elementor-section-full_width elementor-section-stretched elementor-section-height-default elementor-section-height-default\" data-id=\"f1a770b\" data-element_type=\"section\" data-e-type=\"section\" data-settings=\"{&quot;stretch_section&quot;:&quot;section-stretched&quot;}\">\n\t\t\t\t\t\t<div class=\"elementor-container elementor-column-gap-default\">\n\t\t\t\t\t<div class=\"elementor-column elementor-col-33 elementor-top-column elementor-element elementor-element-99f7d55 elementor-hidden-tablet elementor-hidden-mobile\" data-id=\"99f7d55\" data-element_type=\"column\" data-e-type=\"column\" data-settings=\"{&quot;background_background&quot;:&quot;classic&quot;}\">\n\t\t\t<div class=\"elementor-widget-wrap elementor-element-populated\">\n\t\t\t\t\t\t<section class=\"elementor-section elementor-inner-section elementor-element elementor-element-cc9da10 elementor-hidden-mobile elementor-section-boxed elementor-section-height-default elementor-section-height-default\" data-id=\"cc9da10\" data-element_type=\"section\" data-e-type=\"section\">\n\t\t\t\t\t\t<div class=\"elementor-container elementor-column-gap-default\">\n\t\t\t\t\t<div class=\"elementor-column elementor-col-100 elementor-inner-column elementor-element elementor-element-b18888f elementor-hidden-mobile\" data-id=\"b18888f\" data-element_type=\"column\" data-e-type=\"column\">\n\t\t\t<div class=\"elementor-widget-wrap elementor-element-populated\">\n\t\t\t\t\t\t<div class=\"elementor-element elementor-element-1271db8 elementor-widget elementor-widget-heading\" data-id=\"1271db8\" data-element_type=\"widget\" data-e-type=\"widget\" data-widget_type=\"heading.default\">\n\t\t\t\t<div class=\"elementor-widget-container\">\n\t\t\t\t\t<h2 class=\"elementor-heading-title elementor-size-default\">ABOUT THE SCHOOL<\/h2>\t\t\t\t<\/div>\n\t\t\t\t<\/div>\n\t\t\t\t<div class=\"elementor-element elementor-element-f9a5f5e elementor-nav-menu__align-start elementor-nav-menu--dropdown-tablet elementor-nav-menu__text-align-aside elementor-widget elementor-widget-nav-menu\" data-id=\"f9a5f5e\" data-element_type=\"widget\" data-e-type=\"widget\" data-settings=\"{&quot;layout&quot;:&quot;vertical&quot;,&quot;submenu_icon&quot;:{&quot;value&quot;:&quot;&lt;i class=\\&quot;fas fa-caret-down\\&quot; aria-hidden=\\&quot;true\\&quot;&gt;&lt;\\\/i&gt;&quot;,&quot;library&quot;:&quot;fa-solid&quot;}}\" data-widget_type=\"nav-menu.default\">\n\t\t\t\t<div class=\"elementor-widget-container\">\n\t\t\t\t\t\t\t\t<nav aria-label=\"Menu\" class=\"elementor-nav-menu--main elementor-nav-menu__container elementor-nav-menu--layout-vertical e--pointer-double-line e--animation-fade\">\n\t\t\t\t<ul id=\"menu-1-f9a5f5e\" class=\"elementor-nav-menu sm-vertical\"><li class=\"menu-item menu-item-type-post_type menu-item-object-page menu-item-5094\"><a href=\"https:\/\/szkolaswjp2.pl\/25-lat-szkoly-przymierza-rodzin\/\" class=\"elementor-item\">25 YEARS OF THE FAMILY COVENANT SCHOOL<\/a><\/li>\n<li class=\"menu-item menu-item-type-post_type menu-item-object-page menu-item-5095\"><a href=\"https:\/\/szkolaswjp2.pl\/nasza-szkola-dawniej\/\" class=\"elementor-item\">Our School&#8217;s Past<\/a><\/li>\n<li class=\"menu-item menu-item-type-post_type menu-item-object-page menu-item-7858\"><a href=\"https:\/\/szkolaswjp2.pl\/nasza-szkola-obecnie\/\" class=\"elementor-item\">Our School Today<\/a><\/li>\n<li class=\"menu-item menu-item-type-post_type menu-item-object-page menu-item-5096\"><a href=\"https:\/\/szkolaswjp2.pl\/o-stowarzyszeniu-przymierze-rodzin\/\" class=\"elementor-item\">About the Family Covenant Association<\/a><\/li>\n<li class=\"menu-item menu-item-type-post_type menu-item-object-page menu-item-5097\"><a href=\"https:\/\/szkolaswjp2.pl\/szkoly-przymierza-rodzin\/\" class=\"elementor-item\">Family Covenant Schools<\/a><\/li>\n<li class=\"menu-item menu-item-type-post_type menu-item-object-page menu-item-5098\"><a href=\"https:\/\/szkolaswjp2.pl\/fundusz-pomocy-spolecznej-im-sw-jana-pawla-ii\/\" class=\"elementor-item\">St. John Paul II Social Assistance Fund<\/a><\/li>\n<li class=\"menu-item menu-item-type-post_type menu-item-object-page menu-item-5099\"><a href=\"https:\/\/szkolaswjp2.pl\/jak-rozumiemy-zadania-szkoly\/\" class=\"elementor-item\">How We Understand the School&#8217;s Mission<\/a><\/li>\n<li class=\"menu-item menu-item-type-post_type menu-item-object-page menu-item-5100\"><a href=\"https:\/\/szkolaswjp2.pl\/wizerunek-ucznia\/\" class=\"elementor-item\">Student Profile<\/a><\/li>\n<li class=\"menu-item menu-item-type-post_type menu-item-object-page menu-item-5101\"><a href=\"https:\/\/szkolaswjp2.pl\/z-kim-chcemy-wspolpracowac\/\" class=\"elementor-item\">Who We Want to Work With<\/a><\/li>\n<li class=\"menu-item menu-item-type-post_type menu-item-object-page menu-item-7955\"><a href=\"https:\/\/szkolaswjp2.pl\/projekty-szkolne\/\" class=\"elementor-item\">School Projects<\/a><\/li>\n<li class=\"menu-item menu-item-type-post_type menu-item-object-page menu-item-5102\"><a href=\"https:\/\/szkolaswjp2.pl\/program-matematyczny-2\/\" class=\"elementor-item\">Mathematics Program<\/a><\/li>\n<li class=\"menu-item menu-item-type-post_type menu-item-object-page menu-item-7890\"><a href=\"https:\/\/szkolaswjp2.pl\/akademia-rodzin\/\" class=\"elementor-item\">Family Academy<\/a><\/li>\n<\/ul>\t\t\t<\/nav>\n\t\t\t\t\t\t<nav class=\"elementor-nav-menu--dropdown elementor-nav-menu__container\" aria-hidden=\"true\">\n\t\t\t\t<ul id=\"menu-2-f9a5f5e\" class=\"elementor-nav-menu sm-vertical\"><li class=\"menu-item menu-item-type-post_type menu-item-object-page menu-item-5094\"><a href=\"https:\/\/szkolaswjp2.pl\/25-lat-szkoly-przymierza-rodzin\/\" class=\"elementor-item\" tabindex=\"-1\">25 YEARS OF THE FAMILY COVENANT SCHOOL<\/a><\/li>\n<li class=\"menu-item menu-item-type-post_type menu-item-object-page menu-item-5095\"><a href=\"https:\/\/szkolaswjp2.pl\/nasza-szkola-dawniej\/\" class=\"elementor-item\" tabindex=\"-1\">Our School&#8217;s Past<\/a><\/li>\n<li class=\"menu-item menu-item-type-post_type menu-item-object-page menu-item-7858\"><a href=\"https:\/\/szkolaswjp2.pl\/nasza-szkola-obecnie\/\" class=\"elementor-item\" tabindex=\"-1\">Our School Today<\/a><\/li>\n<li class=\"menu-item menu-item-type-post_type menu-item-object-page menu-item-5096\"><a href=\"https:\/\/szkolaswjp2.pl\/o-stowarzyszeniu-przymierze-rodzin\/\" class=\"elementor-item\" tabindex=\"-1\">About the Family Covenant Association<\/a><\/li>\n<li class=\"menu-item menu-item-type-post_type menu-item-object-page menu-item-5097\"><a href=\"https:\/\/szkolaswjp2.pl\/szkoly-przymierza-rodzin\/\" class=\"elementor-item\" tabindex=\"-1\">Family Covenant Schools<\/a><\/li>\n<li class=\"menu-item menu-item-type-post_type menu-item-object-page menu-item-5098\"><a href=\"https:\/\/szkolaswjp2.pl\/fundusz-pomocy-spolecznej-im-sw-jana-pawla-ii\/\" class=\"elementor-item\" tabindex=\"-1\">St. John Paul II Social Assistance Fund<\/a><\/li>\n<li class=\"menu-item menu-item-type-post_type menu-item-object-page menu-item-5099\"><a href=\"https:\/\/szkolaswjp2.pl\/jak-rozumiemy-zadania-szkoly\/\" class=\"elementor-item\" tabindex=\"-1\">How We Understand the School&#8217;s Mission<\/a><\/li>\n<li class=\"menu-item menu-item-type-post_type menu-item-object-page menu-item-5100\"><a href=\"https:\/\/szkolaswjp2.pl\/wizerunek-ucznia\/\" class=\"elementor-item\" tabindex=\"-1\">Student Profile<\/a><\/li>\n<li class=\"menu-item menu-item-type-post_type menu-item-object-page menu-item-5101\"><a href=\"https:\/\/szkolaswjp2.pl\/z-kim-chcemy-wspolpracowac\/\" class=\"elementor-item\" tabindex=\"-1\">Who We Want to Work With<\/a><\/li>\n<li class=\"menu-item menu-item-type-post_type menu-item-object-page menu-item-7955\"><a href=\"https:\/\/szkolaswjp2.pl\/projekty-szkolne\/\" class=\"elementor-item\" tabindex=\"-1\">School Projects<\/a><\/li>\n<li class=\"menu-item menu-item-type-post_type menu-item-object-page menu-item-5102\"><a href=\"https:\/\/szkolaswjp2.pl\/program-matematyczny-2\/\" class=\"elementor-item\" tabindex=\"-1\">Mathematics Program<\/a><\/li>\n<li class=\"menu-item menu-item-type-post_type menu-item-object-page menu-item-7890\"><a href=\"https:\/\/szkolaswjp2.pl\/akademia-rodzin\/\" class=\"elementor-item\" tabindex=\"-1\">Family Academy<\/a><\/li>\n<\/ul>\t\t\t<\/nav>\n\t\t\t\t\t\t<\/div>\n\t\t\t\t<\/div>\n\t\t\t\t\t<\/div>\n\t\t<\/div>\n\t\t\t\t\t<\/div>\n\t\t<\/section>\n\t\t\t\t\t<\/div>\n\t\t<\/div>\n\t\t\t\t<div class=\"elementor-column elementor-col-66 elementor-top-column elementor-element elementor-element-ac3afc8\" data-id=\"ac3afc8\" data-element_type=\"column\" data-e-type=\"column\" data-settings=\"{&quot;background_background&quot;:&quot;classic&quot;}\">\n\t\t\t<div class=\"elementor-widget-wrap elementor-element-populated\">\n\t\t\t\t\t\t<section class=\"elementor-section elementor-inner-section elementor-element elementor-element-6386eef elementor-section-full_width elementor-section-height-default elementor-section-height-default\" data-id=\"6386eef\" data-element_type=\"section\" data-e-type=\"section\">\n\t\t\t\t\t\t<div class=\"elementor-container elementor-column-gap-default\">\n\t\t\t\t\t<div class=\"elementor-column elementor-col-66 elementor-inner-column elementor-element elementor-element-fadde61\" data-id=\"fadde61\" data-element_type=\"column\" data-e-type=\"column\">\n\t\t\t<div class=\"elementor-widget-wrap elementor-element-populated\">\n\t\t\t\t\t\t<div class=\"elementor-element elementor-element-2a3c56e elementor-widget elementor-widget-spacer\" data-id=\"2a3c56e\" data-element_type=\"widget\" data-e-type=\"widget\" data-widget_type=\"spacer.default\">\n\t\t\t\t<div class=\"elementor-widget-container\">\n\t\t\t\t\t\t\t<div class=\"elementor-spacer\">\n\t\t\t<div class=\"elementor-spacer-inner\"><\/div>\n\t\t<\/div>\n\t\t\t\t\t\t<\/div>\n\t\t\t\t<\/div>\n\t\t\t\t<div class=\"elementor-element elementor-element-b4337ba elementor-widget elementor-widget-heading\" data-id=\"b4337ba\" data-element_type=\"widget\" data-e-type=\"widget\" data-widget_type=\"heading.default\">\n\t\t\t\t<div class=\"elementor-widget-container\">\n\t\t\t\t\t<h2 class=\"elementor-heading-title elementor-size-default\">FAMILY COVENANT ASSOCIATION<\/h2>\t\t\t\t<\/div>\n\t\t\t\t<\/div>\n\t\t\t\t<div class=\"elementor-element elementor-element-534c603 elementor-widget elementor-widget-text-editor\" data-id=\"534c603\" data-element_type=\"widget\" data-e-type=\"widget\" data-widget_type=\"text-editor.default\">\n\t\t\t\t<div class=\"elementor-widget-container\">\n\t\t\t\t\t\t\t\t\t<p>The Family Covenant Association was established in 1983, during the period of martial law, when the activities of all social organizations were suspended. The Catholic Intelligentsia Club (KIK) also faced this fate. Izabela Dzieduszycka, chairwoman of the KIK Family Section, decided to transfer the ideas and working methods developed with families within KIK to parishes \u2013 the only safe place where educational activities among children and youth could continue. Together with a group of KIK members, in cooperation with the Primate&#8217;s Committee for Aid to the Repressed and the Pastoral Care for Working People, Izabela Dzieduszycka began organizing camps for children of repressed individuals. These trips proved to be a great help for families, so it was decided to create children&#8217;s and youth groups at parishes. This formation continued until 1990, when, after the political transformations, Cardinal J\u00f3zef Glemp recognized the Family Covenant as a Catholic organization with a Warsaw-wide scope, and a year later, the Polish Episcopal Conference approved its activities throughout the country. In the same year, the Family Covenant received association status, with Izabela Dzieduszycka becoming its chairwoman. Over 35 years, the Family Covenant has developed significantly. In addition to parish-based centers, schools and community day-care centers were established, with the main goal of fostering the Christian formation of children and families.          <\/p><p>Currently, the Association runs several children&#8217;s and youth groups in several parishes in Warsaw: St. Saviour, St. W\u0142adys\u0142aw of Gielni\u00f3w, St. Thomas, St. James, and at the Temple of Divine Providence in Wilan\u00f3w.    <\/p><p>The creation of groups for children and youth, like other forms of activity, aligns with the mission of the Family Covenant Association, which <em>is to support the education and comprehensive upbringing of children, youth, and entire families, aiming to foster attitudes open to the needs of other people, the environment, and society as a whole, stemming from moral and religious inspiration, active in the face of the contemporary world and the challenges it brings.<\/em><\/p><p>The Association operates three community day-care centers: in Rawa Mazowiecka, Kutno, and Ursus. They gather approximately 200 children, providing them with psychological care, meals, and academic support. The caregivers also look after the families of their charges.  <\/p><p>The third area of activity for the Family Covenant Association is schools. Currently, the Association runs 3 primary schools and 2 high schools. These are: the C.K. Norwid Catholic High School in Garwolin, the John Paul II Primary School and High School in Warsaw&#8217;s Ursyn\u00f3w district, the Blessed Father Jerzy Popie\u0142uszko Primary School in Warsaw&#8217;s Bielany district, and the Father Jan Twardowski Primary School in Warsaw&#8217;s Mokot\u00f3w district.         <\/p><p>Since 2001, the Association has sponsored the Blessed Edmund Bojanowski Family Covenant University of Applied Sciences in Warsaw&#8217;s Ursyn\u00f3w district. The idea behind its establishment was to educate young people, especially those from outside Warsaw, in teaching professions. The first graduates obtained qualifications to teach subjects such as natural sciences and Polish language. Over time, the University significantly expanded its offerings, gaining accreditation to conduct three-year bachelor&#8217;s degree programs in: Computer Science, Polish Philology, Geography, History, Tourism and Recreation, Sociology, Public Health, Pedagogy, as well as postgraduate studies.    <\/p><p>The history of the Association was shaped by many people \u2013 initially families gathered around parishes and priests, and later individuals involved in the construction and organization of schools: teachers, children, school youth, parents, and the community of the three day-care centers, as well as numerous benefactors. The common idea of the Family Covenant united many generations and various communities. The Association continues its mission, and although the time of its founding was completely different from the present, its mission is now even more relevant. Seeing many spiritual threats, primarily impacting the condition and unity of the family, but also universal values, the Association&#8217;s Board is aware of how much help is needed now in the responsible, Catholic upbringing of youth.    <\/p>\t\t\t\t\t\t\t\t<\/div>\n\t\t\t\t<\/div>\n\t\t\t\t\t<\/div>\n\t\t<\/div>\n\t\t\t\t<div class=\"elementor-column elementor-col-33 elementor-inner-column elementor-element elementor-element-53a5b98\" data-id=\"53a5b98\" data-element_type=\"column\" data-e-type=\"column\">\n\t\t\t<div class=\"elementor-widget-wrap elementor-element-populated\">\n\t\t\t\t\t\t<div class=\"elementor-element elementor-element-393b8a8 elementor-widget elementor-widget-spacer\" data-id=\"393b8a8\" data-element_type=\"widget\" data-e-type=\"widget\" data-widget_type=\"spacer.default\">\n\t\t\t\t<div class=\"elementor-widget-container\">\n\t\t\t\t\t\t\t<div class=\"elementor-spacer\">\n\t\t\t<div class=\"elementor-spacer-inner\"><\/div>\n\t\t<\/div>\n\t\t\t\t\t\t<\/div>\n\t\t\t\t<\/div>\n\t\t\t\t<div class=\"elementor-element elementor-element-10a5b51 elementor-widget elementor-widget-image\" data-id=\"10a5b51\" data-element_type=\"widget\" data-e-type=\"widget\" data-widget_type=\"image.default\">\n\t\t\t\t<div class=\"elementor-widget-container\">\n\t\t\t\t\t\t\t\t\t\t\t\t\t\t\t\t<a href=\"http:\/\/www.przymierze.org.pl\/\" target=\"_blank\">\n\t\t\t\t\t\t\t<img decoding=\"async\" src=\"https:\/\/szkolaswjp2.pl\/wp-content\/uploads\/elementor\/thumbs\/przymierze_rodzin2-qtiwrnzr08vqiidhnnc5vmcu4htzh0usx15t3tyktg.png\" title=\"family_covenant2\" alt=\"family_covenant2\" loading=\"lazy\" \/>\t\t\t\t\t\t\t\t<\/a>\n\t\t\t\t\t\t\t\t\t\t\t\t\t\t\t<\/div>\n\t\t\t\t<\/div>\n\t\t\t\t<div class=\"elementor-element elementor-element-d4c9421 elementor-widget elementor-widget-text-editor\" data-id=\"d4c9421\" data-element_type=\"widget\" data-e-type=\"widget\" data-widget_type=\"text-editor.default\">\n\t\t\t\t<div class=\"elementor-widget-container\">\n\t\t\t\t\t\t\t\t\t<h4><a href=\"http:\/\/www.przymierze.org.pl\/\" target=\"_blank\" rel=\"noopener\">The Family Covenant Association is the governing body of the school.<\/a><\/h4>\t\t\t\t\t\t\t\t<\/div>\n\t\t\t\t<\/div>\n\t\t\t\t\t<\/div>\n\t\t<\/div>\n\t\t\t\t\t<\/div>\n\t\t<\/section>\n\t\t\t\t\t<\/div>\n\t\t<\/div>\n\t\t\t\t\t<\/div>\n\t\t<\/section>\n\t\t\t\t<\/div>\n\t\t","protected":false},"excerpt":{"rendered":"<p>ABOUT THE SCHOOL FAMILY COVENANT ASSOCIATION The Family Covenant Association was established in 1983, during the period of martial law, when the activities of all social<span class=\"excerpt-hellip\"> [\u2026]<\/span><\/p>\n","protected":false},"author":1,"featured_media":0,"parent":0,"menu_order":0,"comment_status":"closed","ping_status":"closed","template":"elementor_header_footer","meta":{"footnotes":""},"class_list":["post-12210","page","type-page","status-publish","hentry"],"_links":{"self":[{"href":"https:\/\/szkolaswjp2.pl\/en\/wp-json\/wp\/v2\/pages\/12210","targetHints":{"allow":["GET"]}}],"collection":[{"href":"https:\/\/szkolaswjp2.pl\/en\/wp-json\/wp\/v2\/pages"}],"about":[{"href":"https:\/\/szkolaswjp2.pl\/en\/wp-json\/wp\/v2\/types\/page"}],"author":[{"embeddable":true,"href":"https:\/\/szkolaswjp2.pl\/en\/wp-json\/wp\/v2\/users\/1"}],"replies":[{"embeddable":true,"href":"https:\/\/szkolaswjp2.pl\/en\/wp-json\/wp\/v2\/comments?post=12210"}],"version-history":[{"count":1,"href":"https:\/\/szkolaswjp2.pl\/en\/wp-json\/wp\/v2\/pages\/12210\/revisions"}],"predecessor-version":[{"id":12212,"href":"https:\/\/szkolaswjp2.pl\/en\/wp-json\/wp\/v2\/pages\/12210\/revisions\/12212"}],"wp:attachment":[{"href":"https:\/\/szkolaswjp2.pl\/en\/wp-json\/wp\/v2\/media?parent=12210"}],"curies":[{"name":"wp","href":"https:\/\/api.w.org\/{rel}","templated":true}]}}