{"id":12203,"date":"2022-07-06T07:16:40","date_gmt":"2022-07-06T07:16:40","guid":{"rendered":"https:\/\/szkolaswjp2.pl\/our-schools-past\/"},"modified":"2026-02-19T15:43:52","modified_gmt":"2026-02-19T15:43:52","slug":"our-schools-past","status":"publish","type":"page","link":"https:\/\/szkolaswjp2.pl\/en\/our-schools-past\/","title":{"rendered":"Our School&#8217;s Past"},"content":{"rendered":"\t\t<div data-elementor-type=\"wp-page\" data-elementor-id=\"12203\" class=\"elementor elementor-12203 elementor-4967\" data-elementor-post-type=\"page\">\n\t\t\t\t\t\t<section class=\"elementor-section elementor-top-section elementor-element elementor-element-aba98b3 elementor-section-full_width elementor-section-height-default elementor-section-height-default\" data-id=\"aba98b3\" data-element_type=\"section\" data-e-type=\"section\" data-settings=\"{&quot;background_background&quot;:&quot;slideshow&quot;,&quot;background_slideshow_slide_transition&quot;:&quot;slide_right&quot;,&quot;background_slideshow_lazyload&quot;:&quot;yes&quot;,&quot;background_slideshow_ken_burns&quot;:&quot;yes&quot;,&quot;background_slideshow_gallery&quot;:[],&quot;background_slideshow_loop&quot;:&quot;yes&quot;,&quot;background_slideshow_slide_duration&quot;:5000,&quot;background_slideshow_transition_duration&quot;:500,&quot;background_slideshow_ken_burns_zoom_direction&quot;:&quot;in&quot;}\">\n\t\t\t\t\t\t<div class=\"elementor-container elementor-column-gap-no\">\n\t\t\t\t\t<div class=\"elementor-column elementor-col-100 elementor-top-column elementor-element elementor-element-9a1f5da\" data-id=\"9a1f5da\" data-element_type=\"column\" data-e-type=\"column\">\n\t\t\t<div class=\"elementor-widget-wrap elementor-element-populated\">\n\t\t\t\t\t\t<div class=\"elementor-element elementor-element-dcd1207 elementor--h-position-center elementor--v-position-middle elementor-arrows-position-inside elementor-pagination-position-inside elementor-widget elementor-widget-slides\" data-id=\"dcd1207\" data-element_type=\"widget\" data-e-type=\"widget\" data-settings=\"{&quot;autoplay_speed&quot;:7000,&quot;navigation&quot;:&quot;both&quot;,&quot;autoplay&quot;:&quot;yes&quot;,&quot;pause_on_hover&quot;:&quot;yes&quot;,&quot;pause_on_interaction&quot;:&quot;yes&quot;,&quot;infinite&quot;:&quot;yes&quot;,&quot;transition&quot;:&quot;slide&quot;,&quot;transition_speed&quot;:500}\" data-widget_type=\"slides.default\">\n\t\t\t\t<div class=\"elementor-widget-container\">\n\t\t\t\t\t\t\t\t\t<div class=\"elementor-swiper\">\n\t\t\t\t\t<div class=\"elementor-slides-wrapper elementor-main-swiper swiper\" role=\"region\" aria-roledescription=\"carousel\" aria-label=\"Slides\" dir=\"ltr\" data-animation=\"fadeInUp\">\n\t\t\t\t<div class=\"swiper-wrapper elementor-slides\">\n\t\t\t\t\t\t\t\t\t\t<div class=\"elementor-repeater-item-ade2cb9 swiper-slide\" role=\"group\" aria-roledescription=\"slide\"><div class=\"swiper-slide-bg\" role=\"img\" aria-label=\"20220624_100553\"><\/div><div class=\"swiper-slide-inner\" ><div class=\"swiper-slide-contents\"><\/div><\/div><\/div><div class=\"elementor-repeater-item-21fba0a swiper-slide\" role=\"group\" aria-roledescription=\"slide\"><div class=\"swiper-slide-bg\" role=\"img\" aria-label=\"20220531_100142\"><\/div><div class=\"swiper-slide-inner\" ><div class=\"swiper-slide-contents\"><\/div><\/div><\/div><div class=\"elementor-repeater-item-913c093 swiper-slide\" role=\"group\" aria-roledescription=\"slide\"><div class=\"swiper-slide-bg\" role=\"img\" aria-label=\"Resized_20220411_124431\"><\/div><div class=\"swiper-slide-inner\" ><div class=\"swiper-slide-contents\"><\/div><\/div><\/div>\t\t\t\t<\/div>\n\t\t\t\t\t\t\t\t\t\t\t\t\t\t\t<div class=\"elementor-swiper-button elementor-swiper-button-prev\" role=\"button\" tabindex=\"0\" aria-label=\"Previous slide\">\n\t\t\t\t\t\t\t<i aria-hidden=\"true\" class=\"eicon-chevron-left\"><\/i>\t\t\t\t\t\t<\/div>\n\t\t\t\t\t\t<div class=\"elementor-swiper-button elementor-swiper-button-next\" role=\"button\" tabindex=\"0\" aria-label=\"Next slide\">\n\t\t\t\t\t\t\t<i aria-hidden=\"true\" class=\"eicon-chevron-right\"><\/i>\t\t\t\t\t\t<\/div>\n\t\t\t\t\t\t\t\t\t\t\t\t\t\t\t\t<div class=\"swiper-pagination\"><\/div>\n\t\t\t\t\t\t\t\t\t\t\t\t<\/div>\n\t\t\t\t<\/div>\n\t\t\t\t\t\t\t\t<\/div>\n\t\t\t\t<\/div>\n\t\t\t\t\t<\/div>\n\t\t<\/div>\n\t\t\t\t\t<\/div>\n\t\t<\/section>\n\t\t\t\t<section class=\"elementor-section elementor-top-section elementor-element elementor-element-f1a770b elementor-section-full_width elementor-section-stretched elementor-section-height-default elementor-section-height-default\" data-id=\"f1a770b\" data-element_type=\"section\" data-e-type=\"section\" data-settings=\"{&quot;stretch_section&quot;:&quot;section-stretched&quot;}\">\n\t\t\t\t\t\t<div class=\"elementor-container elementor-column-gap-default\">\n\t\t\t\t\t<div class=\"elementor-column elementor-col-33 elementor-top-column elementor-element elementor-element-99f7d55 elementor-hidden-tablet elementor-hidden-mobile\" data-id=\"99f7d55\" data-element_type=\"column\" data-e-type=\"column\" data-settings=\"{&quot;background_background&quot;:&quot;classic&quot;}\">\n\t\t\t<div class=\"elementor-widget-wrap elementor-element-populated\">\n\t\t\t\t\t\t<section class=\"elementor-section elementor-inner-section elementor-element elementor-element-cc9da10 elementor-hidden-mobile elementor-section-boxed elementor-section-height-default elementor-section-height-default\" data-id=\"cc9da10\" data-element_type=\"section\" data-e-type=\"section\">\n\t\t\t\t\t\t<div class=\"elementor-container elementor-column-gap-default\">\n\t\t\t\t\t<div class=\"elementor-column elementor-col-100 elementor-inner-column elementor-element elementor-element-b18888f elementor-hidden-mobile\" data-id=\"b18888f\" data-element_type=\"column\" data-e-type=\"column\">\n\t\t\t<div class=\"elementor-widget-wrap elementor-element-populated\">\n\t\t\t\t\t\t<div class=\"elementor-element elementor-element-1271db8 elementor-widget elementor-widget-heading\" data-id=\"1271db8\" data-element_type=\"widget\" data-e-type=\"widget\" data-widget_type=\"heading.default\">\n\t\t\t\t<div class=\"elementor-widget-container\">\n\t\t\t\t\t<h2 class=\"elementor-heading-title elementor-size-default\">ABOUT THE SCHOOL<\/h2>\t\t\t\t<\/div>\n\t\t\t\t<\/div>\n\t\t\t\t<div class=\"elementor-element elementor-element-f9a5f5e elementor-nav-menu__align-start elementor-nav-menu--dropdown-tablet elementor-nav-menu__text-align-aside elementor-widget elementor-widget-nav-menu\" data-id=\"f9a5f5e\" data-element_type=\"widget\" data-e-type=\"widget\" data-settings=\"{&quot;layout&quot;:&quot;vertical&quot;,&quot;submenu_icon&quot;:{&quot;value&quot;:&quot;&lt;i class=\\&quot;fas fa-caret-down\\&quot; aria-hidden=\\&quot;true\\&quot;&gt;&lt;\\\/i&gt;&quot;,&quot;library&quot;:&quot;fa-solid&quot;}}\" data-widget_type=\"nav-menu.default\">\n\t\t\t\t<div class=\"elementor-widget-container\">\n\t\t\t\t\t\t\t\t<nav aria-label=\"Menu\" class=\"elementor-nav-menu--main elementor-nav-menu__container elementor-nav-menu--layout-vertical e--pointer-double-line e--animation-fade\">\n\t\t\t\t<ul id=\"menu-1-f9a5f5e\" class=\"elementor-nav-menu sm-vertical\"><li class=\"menu-item menu-item-type-post_type menu-item-object-page menu-item-5094\"><a href=\"https:\/\/szkolaswjp2.pl\/25-lat-szkoly-przymierza-rodzin\/\" class=\"elementor-item\">25 YEARS OF THE FAMILY COVENANT SCHOOL<\/a><\/li>\n<li class=\"menu-item menu-item-type-post_type menu-item-object-page menu-item-5095\"><a href=\"https:\/\/szkolaswjp2.pl\/nasza-szkola-dawniej\/\" class=\"elementor-item\">Our School&#8217;s Past<\/a><\/li>\n<li class=\"menu-item menu-item-type-post_type menu-item-object-page menu-item-7858\"><a href=\"https:\/\/szkolaswjp2.pl\/nasza-szkola-obecnie\/\" class=\"elementor-item\">Our School Today<\/a><\/li>\n<li class=\"menu-item menu-item-type-post_type menu-item-object-page menu-item-5096\"><a href=\"https:\/\/szkolaswjp2.pl\/o-stowarzyszeniu-przymierze-rodzin\/\" class=\"elementor-item\">About the Family Covenant Association<\/a><\/li>\n<li class=\"menu-item menu-item-type-post_type menu-item-object-page menu-item-5097\"><a href=\"https:\/\/szkolaswjp2.pl\/szkoly-przymierza-rodzin\/\" class=\"elementor-item\">Family Covenant Schools<\/a><\/li>\n<li class=\"menu-item menu-item-type-post_type menu-item-object-page menu-item-5098\"><a href=\"https:\/\/szkolaswjp2.pl\/fundusz-pomocy-spolecznej-im-sw-jana-pawla-ii\/\" class=\"elementor-item\">St. John Paul II Social Assistance Fund<\/a><\/li>\n<li class=\"menu-item menu-item-type-post_type menu-item-object-page menu-item-5099\"><a href=\"https:\/\/szkolaswjp2.pl\/jak-rozumiemy-zadania-szkoly\/\" class=\"elementor-item\">How We Understand the School&#8217;s Mission<\/a><\/li>\n<li class=\"menu-item menu-item-type-post_type menu-item-object-page menu-item-5100\"><a href=\"https:\/\/szkolaswjp2.pl\/wizerunek-ucznia\/\" class=\"elementor-item\">Student Profile<\/a><\/li>\n<li class=\"menu-item menu-item-type-post_type menu-item-object-page menu-item-5101\"><a href=\"https:\/\/szkolaswjp2.pl\/z-kim-chcemy-wspolpracowac\/\" class=\"elementor-item\">Who We Want to Work With<\/a><\/li>\n<li class=\"menu-item menu-item-type-post_type menu-item-object-page menu-item-7955\"><a href=\"https:\/\/szkolaswjp2.pl\/projekty-szkolne\/\" class=\"elementor-item\">School Projects<\/a><\/li>\n<li class=\"menu-item menu-item-type-post_type menu-item-object-page menu-item-5102\"><a href=\"https:\/\/szkolaswjp2.pl\/program-matematyczny-2\/\" class=\"elementor-item\">Mathematics Program<\/a><\/li>\n<li class=\"menu-item menu-item-type-post_type menu-item-object-page menu-item-7890\"><a href=\"https:\/\/szkolaswjp2.pl\/akademia-rodzin\/\" class=\"elementor-item\">Family Academy<\/a><\/li>\n<\/ul>\t\t\t<\/nav>\n\t\t\t\t\t\t<nav class=\"elementor-nav-menu--dropdown elementor-nav-menu__container\" aria-hidden=\"true\">\n\t\t\t\t<ul id=\"menu-2-f9a5f5e\" class=\"elementor-nav-menu sm-vertical\"><li class=\"menu-item menu-item-type-post_type menu-item-object-page menu-item-5094\"><a href=\"https:\/\/szkolaswjp2.pl\/25-lat-szkoly-przymierza-rodzin\/\" class=\"elementor-item\" tabindex=\"-1\">25 YEARS OF THE FAMILY COVENANT SCHOOL<\/a><\/li>\n<li class=\"menu-item menu-item-type-post_type menu-item-object-page menu-item-5095\"><a href=\"https:\/\/szkolaswjp2.pl\/nasza-szkola-dawniej\/\" class=\"elementor-item\" tabindex=\"-1\">Our School&#8217;s Past<\/a><\/li>\n<li class=\"menu-item menu-item-type-post_type menu-item-object-page menu-item-7858\"><a href=\"https:\/\/szkolaswjp2.pl\/nasza-szkola-obecnie\/\" class=\"elementor-item\" tabindex=\"-1\">Our School Today<\/a><\/li>\n<li class=\"menu-item menu-item-type-post_type menu-item-object-page menu-item-5096\"><a href=\"https:\/\/szkolaswjp2.pl\/o-stowarzyszeniu-przymierze-rodzin\/\" class=\"elementor-item\" tabindex=\"-1\">About the Family Covenant Association<\/a><\/li>\n<li class=\"menu-item menu-item-type-post_type menu-item-object-page menu-item-5097\"><a href=\"https:\/\/szkolaswjp2.pl\/szkoly-przymierza-rodzin\/\" class=\"elementor-item\" tabindex=\"-1\">Family Covenant Schools<\/a><\/li>\n<li class=\"menu-item menu-item-type-post_type menu-item-object-page menu-item-5098\"><a href=\"https:\/\/szkolaswjp2.pl\/fundusz-pomocy-spolecznej-im-sw-jana-pawla-ii\/\" class=\"elementor-item\" tabindex=\"-1\">St. John Paul II Social Assistance Fund<\/a><\/li>\n<li class=\"menu-item menu-item-type-post_type menu-item-object-page menu-item-5099\"><a href=\"https:\/\/szkolaswjp2.pl\/jak-rozumiemy-zadania-szkoly\/\" class=\"elementor-item\" tabindex=\"-1\">How We Understand the School&#8217;s Mission<\/a><\/li>\n<li class=\"menu-item menu-item-type-post_type menu-item-object-page menu-item-5100\"><a href=\"https:\/\/szkolaswjp2.pl\/wizerunek-ucznia\/\" class=\"elementor-item\" tabindex=\"-1\">Student Profile<\/a><\/li>\n<li class=\"menu-item menu-item-type-post_type menu-item-object-page menu-item-5101\"><a href=\"https:\/\/szkolaswjp2.pl\/z-kim-chcemy-wspolpracowac\/\" class=\"elementor-item\" tabindex=\"-1\">Who We Want to Work With<\/a><\/li>\n<li class=\"menu-item menu-item-type-post_type menu-item-object-page menu-item-7955\"><a href=\"https:\/\/szkolaswjp2.pl\/projekty-szkolne\/\" class=\"elementor-item\" tabindex=\"-1\">School Projects<\/a><\/li>\n<li class=\"menu-item menu-item-type-post_type menu-item-object-page menu-item-5102\"><a href=\"https:\/\/szkolaswjp2.pl\/program-matematyczny-2\/\" class=\"elementor-item\" tabindex=\"-1\">Mathematics Program<\/a><\/li>\n<li class=\"menu-item menu-item-type-post_type menu-item-object-page menu-item-7890\"><a href=\"https:\/\/szkolaswjp2.pl\/akademia-rodzin\/\" class=\"elementor-item\" tabindex=\"-1\">Family Academy<\/a><\/li>\n<\/ul>\t\t\t<\/nav>\n\t\t\t\t\t\t<\/div>\n\t\t\t\t<\/div>\n\t\t\t\t\t<\/div>\n\t\t<\/div>\n\t\t\t\t\t<\/div>\n\t\t<\/section>\n\t\t\t\t\t<\/div>\n\t\t<\/div>\n\t\t\t\t<div class=\"elementor-column elementor-col-66 elementor-top-column elementor-element elementor-element-ac3afc8\" data-id=\"ac3afc8\" data-element_type=\"column\" data-e-type=\"column\" data-settings=\"{&quot;background_background&quot;:&quot;classic&quot;}\">\n\t\t\t<div class=\"elementor-widget-wrap elementor-element-populated\">\n\t\t\t\t\t\t<section class=\"elementor-section elementor-inner-section elementor-element elementor-element-6386eef elementor-section-full_width elementor-section-height-default elementor-section-height-default\" data-id=\"6386eef\" data-element_type=\"section\" data-e-type=\"section\">\n\t\t\t\t\t\t<div class=\"elementor-container elementor-column-gap-default\">\n\t\t\t\t\t<div class=\"elementor-column elementor-col-33 elementor-inner-column elementor-element elementor-element-b3ae822\" data-id=\"b3ae822\" data-element_type=\"column\" data-e-type=\"column\">\n\t\t\t<div class=\"elementor-widget-wrap elementor-element-populated\">\n\t\t\t\t\t\t<div class=\"elementor-element elementor-element-edfd4b6 elementor-widget elementor-widget-spacer\" data-id=\"edfd4b6\" data-element_type=\"widget\" data-e-type=\"widget\" data-widget_type=\"spacer.default\">\n\t\t\t\t<div class=\"elementor-widget-container\">\n\t\t\t\t\t\t\t<div class=\"elementor-spacer\">\n\t\t\t<div class=\"elementor-spacer-inner\"><\/div>\n\t\t<\/div>\n\t\t\t\t\t\t<\/div>\n\t\t\t\t<\/div>\n\t\t\t\t<div class=\"elementor-element elementor-element-ed263d6 elementor-widget elementor-widget-heading\" data-id=\"ed263d6\" data-element_type=\"widget\" data-e-type=\"widget\" data-widget_type=\"heading.default\">\n\t\t\t\t<div class=\"elementor-widget-container\">\n\t\t\t\t\t<h2 class=\"elementor-heading-title elementor-size-default\">Fifth Anniversary Historical Folder of the Family Covenant Primary School<\/h2>\t\t\t\t<\/div>\n\t\t\t\t<\/div>\n\t\t\t\t<div class=\"elementor-element elementor-element-a8d0f19 elementor-widget elementor-widget-button\" data-id=\"a8d0f19\" data-element_type=\"widget\" data-e-type=\"widget\" data-widget_type=\"button.default\">\n\t\t\t\t<div class=\"elementor-widget-container\">\n\t\t\t\t\t\t\t\t\t<div class=\"elementor-button-wrapper\">\n\t\t\t\t\t<a class=\"elementor-button elementor-button-link elementor-size-xs\" href=\"https:\/\/szkolaswjp2.pl\/wp-content\/uploads\/2022\/08\/historyczny-folder-z-pieciolecia-szkoly-podstawowej-przymierza-rodzin.pdf\" target=\"_blank\">\n\t\t\t\t\t\t<span class=\"elementor-button-content-wrapper\">\n\t\t\t\t\t\t<span class=\"elementor-button-icon\">\n\t\t\t\t<i aria-hidden=\"true\" class=\"fas fa-download\"><\/i>\t\t\t<\/span>\n\t\t\t\t\t\t\t\t\t<span class=\"elementor-button-text\">Download Folder<\/span>\n\t\t\t\t\t<\/span>\n\t\t\t\t\t<\/a>\n\t\t\t\t<\/div>\n\t\t\t\t\t\t\t\t<\/div>\n\t\t\t\t<\/div>\n\t\t\t\t\t<\/div>\n\t\t<\/div>\n\t\t\t\t<div class=\"elementor-column elementor-col-66 elementor-inner-column elementor-element elementor-element-db7c14d\" data-id=\"db7c14d\" data-element_type=\"column\" data-e-type=\"column\">\n\t\t\t<div class=\"elementor-widget-wrap elementor-element-populated\">\n\t\t\t\t\t\t<div class=\"elementor-element elementor-element-6f549bc elementor-widget elementor-widget-image\" data-id=\"6f549bc\" data-element_type=\"widget\" data-e-type=\"widget\" data-widget_type=\"image.default\">\n\t\t\t\t<div class=\"elementor-widget-container\">\n\t\t\t\t\t\t\t\t\t\t\t\t\t\t\t<img fetchpriority=\"high\" decoding=\"async\" width=\"700\" height=\"683\" src=\"https:\/\/szkolaswjp2.pl\/wp-content\/uploads\/2022\/08\/historyczny-folder-z-pieciolecia-szkoly-podstawowej-przymierza-rodzin-7.jpg\" class=\"attachment-large size-large wp-image-12205\" alt=\"\" srcset=\"https:\/\/szkolaswjp2.pl\/wp-content\/uploads\/2022\/08\/historyczny-folder-z-pieciolecia-szkoly-podstawowej-przymierza-rodzin-7.jpg 700w, https:\/\/szkolaswjp2.pl\/wp-content\/uploads\/2022\/08\/historyczny-folder-z-pieciolecia-szkoly-podstawowej-przymierza-rodzin-7-300x293.jpg 300w, https:\/\/szkolaswjp2.pl\/wp-content\/uploads\/2022\/08\/historyczny-folder-z-pieciolecia-szkoly-podstawowej-przymierza-rodzin-7-150x146.jpg 150w, https:\/\/szkolaswjp2.pl\/wp-content\/uploads\/2022\/08\/historyczny-folder-z-pieciolecia-szkoly-podstawowej-przymierza-rodzin-7-50x50.jpg 50w, https:\/\/szkolaswjp2.pl\/wp-content\/uploads\/2022\/08\/historyczny-folder-z-pieciolecia-szkoly-podstawowej-przymierza-rodzin-7-77x75.jpg 77w\" sizes=\"(max-width:767px) 480px, 700px\" \/>\t\t\t\t\t\t\t\t\t\t\t\t\t\t\t<\/div>\n\t\t\t\t<\/div>\n\t\t\t\t\t<\/div>\n\t\t<\/div>\n\t\t\t\t\t<\/div>\n\t\t<\/section>\n\t\t\t\t<section class=\"elementor-section elementor-inner-section elementor-element elementor-element-6e79d7e elementor-section-full_width elementor-section-height-default elementor-section-height-default\" data-id=\"6e79d7e\" data-element_type=\"section\" data-e-type=\"section\">\n\t\t\t\t\t\t<div class=\"elementor-container elementor-column-gap-default\">\n\t\t\t\t\t<div class=\"elementor-column elementor-col-50 elementor-inner-column elementor-element elementor-element-89aa44b\" data-id=\"89aa44b\" data-element_type=\"column\" data-e-type=\"column\">\n\t\t\t<div class=\"elementor-widget-wrap elementor-element-populated\">\n\t\t\t\t\t\t<div class=\"elementor-element elementor-element-1b1d09f elementor-widget elementor-widget-spacer\" data-id=\"1b1d09f\" data-element_type=\"widget\" data-e-type=\"widget\" data-widget_type=\"spacer.default\">\n\t\t\t\t<div class=\"elementor-widget-container\">\n\t\t\t\t\t\t\t<div class=\"elementor-spacer\">\n\t\t\t<div class=\"elementor-spacer-inner\"><\/div>\n\t\t<\/div>\n\t\t\t\t\t\t<\/div>\n\t\t\t\t<\/div>\n\t\t\t\t<div class=\"elementor-element elementor-element-1830231 elementor-widget elementor-widget-heading\" data-id=\"1830231\" data-element_type=\"widget\" data-e-type=\"widget\" data-widget_type=\"heading.default\">\n\t\t\t\t<div class=\"elementor-widget-container\">\n\t\t\t\t\t<h2 class=\"elementor-heading-title elementor-size-default\">IN MEMORY OF DIRECTOR HANNA \u0141\u0104CZY\u0143SKA<\/h2>\t\t\t\t<\/div>\n\t\t\t\t<\/div>\n\t\t\t\t<div class=\"elementor-element elementor-element-3de83e7 elementor-widget elementor-widget-text-editor\" data-id=\"3de83e7\" data-element_type=\"widget\" data-e-type=\"widget\" data-widget_type=\"text-editor.default\">\n\t\t\t\t<div class=\"elementor-widget-container\">\n\t\t\t\t\t\t\t\t\t<div>On January 27, 2021, in St. Thomas Church, at 4:00 PM, a Holy Mass was held in thanksgiving for the life and wonderful works of our beloved Director Hanna \u0141\u0105czy\u0144ska. Despite the current pandemic restrictions in our country, the entire school community was able to participate thanks to the live broadcast on the parish&#8217;s YouTube channel. <a href=\"https:\/\/youtu.be\/jCwStdQI8Uk\" target=\"_blank\" rel=\"nofollow noopener\" data-lynx-mode=\"asynclazy\" data-lynx-uri=\"https:\/\/l.facebook.com\/l.php?u=https%3A%2F%2Fyoutu.be%2FjCwStdQI8Uk&amp;h=AT0O5pyXpbjD8D2x48kY-7EbPPc_6J4bqwEf19J1ycZecovNEpTGz0JZd9O3Yt9XuvUls1WEYB0nk-h06GX7W1y42LZGtUtEwrgm8h9by_czjyJkM1IJ3vaTkZuGLIrKZ4a7ed-3cqdtOTwXOiTEmLWb5A\">https:\/\/you<span class=\"text_exposed_show\">tu.be\/jCwStdQI8Uk<\/span><\/a><span class=\"text_exposed_show\"><br><\/span><br><a href=\"https:\/\/www.youtube.com\/watch?v=C65Btil_gQs\">IN MEMORY OF HANIA<\/a><\/div><div> <\/div><div><span class=\"text_exposed_show\">After the Mass, we had the opportunity to listen to moving recollections related to Director \u0141\u0105czy\u0144ska and watch a prepared photo show from the chronicle.<br>The funeral Holy Mass was celebrated on January 29 this year. in St. Michael&#8217;s Church on Pu\u0142awska Street at 10:00 AM. The musical setting for the Mass, in accordance with the deceased&#8217;s wishes, was prepared by our school choir.<br>We broadcast the Mass online on the parish&#8217;s YouTube channel.<br>Let us surround the late Hanna \u0141\u0105czy\u0144ska and her loved ones with prayer!<\/span><\/div><div><a href=\"https:\/\/www.youtube.com\/watch?v=o189tXR0-F4&amp;feature=emb_logo\" target=\"_blank\" rel=\"noopener\">https:\/\/www.youtube.com\/watch?v=o189tXR0-F4&amp;feature=emb_logo<\/a><\/div>\t\t\t\t\t\t\t\t<\/div>\n\t\t\t\t<\/div>\n\t\t\t\t\t<\/div>\n\t\t<\/div>\n\t\t\t\t<div class=\"elementor-column elementor-col-50 elementor-inner-column elementor-element elementor-element-7eca98b\" data-id=\"7eca98b\" data-element_type=\"column\" data-e-type=\"column\">\n\t\t\t<div class=\"elementor-widget-wrap elementor-element-populated\">\n\t\t\t\t\t\t<div class=\"elementor-element elementor-element-df01873 elementor-widget elementor-widget-spacer\" data-id=\"df01873\" data-element_type=\"widget\" data-e-type=\"widget\" data-widget_type=\"spacer.default\">\n\t\t\t\t<div class=\"elementor-widget-container\">\n\t\t\t\t\t\t\t<div class=\"elementor-spacer\">\n\t\t\t<div class=\"elementor-spacer-inner\"><\/div>\n\t\t<\/div>\n\t\t\t\t\t\t<\/div>\n\t\t\t\t<\/div>\n\t\t\t\t<div class=\"elementor-element elementor-element-5cb33ff elementor-widget elementor-widget-text-editor\" data-id=\"5cb33ff\" data-element_type=\"widget\" data-e-type=\"widget\" data-widget_type=\"text-editor.default\">\n\t\t\t\t<div class=\"elementor-widget-container\">\n\t\t\t\t\t\t\t\t\t<h4 class=\"post-content\">On this beautiful wreath, handmade by Ms. Jola Popis, teachers from grades 0-3 signed their names, grateful to the late Director Hania \u0141\u0105czy\u0144ska for the love and care received over the years. <\/h4>\t\t\t\t\t\t\t\t<\/div>\n\t\t\t\t<\/div>\n\t\t\t\t<div class=\"elementor-element elementor-element-0b4dad1 elementor-widget elementor-widget-image\" data-id=\"0b4dad1\" data-element_type=\"widget\" data-e-type=\"widget\" data-widget_type=\"image.default\">\n\t\t\t\t<div class=\"elementor-widget-container\">\n\t\t\t\t\t\t\t\t\t\t\t\t\t\t\t<img decoding=\"async\" width=\"240\" height=\"320\" src=\"https:\/\/szkolaswjp2.pl\/wp-content\/uploads\/2022\/07\/SAVE_20210202_153355.jpg\" class=\"attachment-full size-full wp-image-12206\" alt=\"\" srcset=\"https:\/\/szkolaswjp2.pl\/wp-content\/uploads\/2022\/07\/SAVE_20210202_153355.jpg 240w, https:\/\/szkolaswjp2.pl\/wp-content\/uploads\/2022\/07\/SAVE_20210202_153355-225x300.jpg 225w, https:\/\/szkolaswjp2.pl\/wp-content\/uploads\/2022\/07\/SAVE_20210202_153355-110x146.jpg 110w, https:\/\/szkolaswjp2.pl\/wp-content\/uploads\/2022\/07\/SAVE_20210202_153355-38x50.jpg 38w, https:\/\/szkolaswjp2.pl\/wp-content\/uploads\/2022\/07\/SAVE_20210202_153355-56x75.jpg 56w\" sizes=\"(max-width:767px) 240px, 240px\" \/>\t\t\t\t\t\t\t\t\t\t\t\t\t\t\t<\/div>\n\t\t\t\t<\/div>\n\t\t\t\t\t<\/div>\n\t\t<\/div>\n\t\t\t\t\t<\/div>\n\t\t<\/section>\n\t\t\t\t\t<\/div>\n\t\t<\/div>\n\t\t\t\t\t<\/div>\n\t\t<\/section>\n\t\t\t\t<\/div>\n\t\t","protected":false},"excerpt":{"rendered":"<p>ABOUT THE SCHOOL Fifth Anniversary Historical Folder of the Family Covenant Primary School Download Folder IN MEMORY OF DIRECTOR HANNA \u0141\u0104CZY\u0143SKA On January 27, 2021, in<span class=\"excerpt-hellip\"> [\u2026]<\/span><\/p>\n","protected":false},"author":1,"featured_media":0,"parent":0,"menu_order":0,"comment_status":"closed","ping_status":"closed","template":"elementor_header_footer","meta":{"footnotes":""},"class_list":["post-12203","page","type-page","status-publish","hentry"],"_links":{"self":[{"href":"https:\/\/szkolaswjp2.pl\/en\/wp-json\/wp\/v2\/pages\/12203","targetHints":{"allow":["GET"]}}],"collection":[{"href":"https:\/\/szkolaswjp2.pl\/en\/wp-json\/wp\/v2\/pages"}],"about":[{"href":"https:\/\/szkolaswjp2.pl\/en\/wp-json\/wp\/v2\/types\/page"}],"author":[{"embeddable":true,"href":"https:\/\/szkolaswjp2.pl\/en\/wp-json\/wp\/v2\/users\/1"}],"replies":[{"embeddable":true,"href":"https:\/\/szkolaswjp2.pl\/en\/wp-json\/wp\/v2\/comments?post=12203"}],"version-history":[{"count":1,"href":"https:\/\/szkolaswjp2.pl\/en\/wp-json\/wp\/v2\/pages\/12203\/revisions"}],"predecessor-version":[{"id":12207,"href":"https:\/\/szkolaswjp2.pl\/en\/wp-json\/wp\/v2\/pages\/12203\/revisions\/12207"}],"wp:attachment":[{"href":"https:\/\/szkolaswjp2.pl\/en\/wp-json\/wp\/v2\/media?parent=12203"}],"curies":[{"name":"wp","href":"https:\/\/api.w.org\/{rel}","templated":true}]}}